{"id":11,"date":"2015-03-06T07:47:38","date_gmt":"2015-03-06T07:47:38","guid":{"rendered":"http:\/\/aaltokoivula.fi\/wordpress\/?page_id=11"},"modified":"2015-03-18T04:20:52","modified_gmt":"2015-03-18T04:20:52","slug":"oikeudenkaynnit","status":"publish","type":"page","link":"https:\/\/aaltokoivula.fi\/wordpress\/muut-lakiasiat\/oikeudenkaynnit\/","title":{"rendered":"Oikeudenk\u00e4ynnit"},"content":{"rendered":"<p style=\"text-align: justify;\"><span style=\"font-size: medium;\">Olemme avustaneet eri asemassa olevia osapuolia rikos-, riita- ja hakemusasioissa. Hoidamme my\u00f6s hallintoriitoja ja verotusasioita. Meill\u00e4 on kokemusta my\u00f6s juttujen viemisest\u00e4 ylemmille valitusasteille sek\u00e4 ylim\u00e4\u00e4r\u00e4isest\u00e4 muutoksenhausta. <\/span><\/p>\n<p style=\"text-align: justify;\"><span style=\"font-size: medium;\">Avustamme my\u00f6s korvausten hakemisessa Valtiokonttorilta ja vakuutusyhti\u00f6lt\u00e4. Teemme tarvittaessa selvityksen maksuttoman oikeudenk\u00e4ynnin edellytyksist\u00e4.<\/span><\/p>\n<p style=\"text-align: justify;\"><span style=\"font-size: medium;\">Apunanne oikeudenk\u00e4ynneiss\u00e4 toimivat oikeudenk\u00e4yntiavustajalautakunnan luvan saaneet juristimme. Lupa toimia oikeudenk\u00e4yntiavustajana on merkitty oikeudenk\u00e4yntiavustajalautakunnan yll\u00e4pit\u00e4m\u00e4\u00e4n luetteloon. <\/span><\/p>\n<p style=\"text-align: center;\"><a href=\"https:\/\/aaltokoivula.fi\/wordpress\/wp-content\/uploads\/2015\/03\/Syksy-2014-talvi-2015-074.jpg\"><img loading=\"lazy\" decoding=\"async\" class=\"alignnone size-medium wp-image-149\" src=\"https:\/\/aaltokoivula.fi\/wordpress\/wp-content\/uploads\/2015\/03\/Syksy-2014-talvi-2015-074-300x225.jpg\" alt=\"Syksy 2014 - talvi 2015 074\" width=\"300\" height=\"225\" srcset=\"https:\/\/aaltokoivula.fi\/wordpress\/wp-content\/uploads\/2015\/03\/Syksy-2014-talvi-2015-074-300x225.jpg 300w, https:\/\/aaltokoivula.fi\/wordpress\/wp-content\/uploads\/2015\/03\/Syksy-2014-talvi-2015-074-1024x768.jpg 1024w, https:\/\/aaltokoivula.fi\/wordpress\/wp-content\/uploads\/2015\/03\/Syksy-2014-talvi-2015-074-258x194.jpg 258w, https:\/\/aaltokoivula.fi\/wordpress\/wp-content\/uploads\/2015\/03\/Syksy-2014-talvi-2015-074-70x53.jpg 70w\" sizes=\"auto, (max-width: 300px) 100vw, 300px\" \/><\/a><\/p>\n","protected":false},"excerpt":{"rendered":"<p>Olemme avustaneet eri asemassa olevia osapuolia rikos-, riita- ja hakemusasioissa. Hoidamme my\u00f6s hallintoriitoja ja verotusasioita. Meill\u00e4 on kokemusta my\u00f6s juttujen viemisest\u00e4 ylemmille valitusasteille sek\u00e4 ylim\u00e4\u00e4r\u00e4isest\u00e4 muutoksenhausta. Avustamme my\u00f6s korvausten hakemisessa Valtiokonttorilta ja vakuutusyhti\u00f6lt\u00e4. Teemme tarvittaessa selvityksen maksuttoman oikeudenk\u00e4ynnin edellytyksist\u00e4. Apunanne oikeudenk\u00e4ynneiss\u00e4 toimivat oikeudenk\u00e4yntiavustajalautakunnan luvan saaneet juristimme. Lupa toimia oikeudenk\u00e4yntiavustajana on merkitty oikeudenk\u00e4yntiavustajalautakunnan yll\u00e4pit\u00e4m\u00e4\u00e4n luetteloon.<\/p>\n","protected":false},"author":1,"featured_media":0,"parent":227,"menu_order":17,"comment_status":"closed","ping_status":"closed","template":"","meta":{"_exactmetrics_skip_tracking":false,"_exactmetrics_sitenote_active":false,"_exactmetrics_sitenote_note":"","_exactmetrics_sitenote_category":0,"footnotes":""},"class_list":["post-11","page","type-page","status-publish","hentry"],"aioseo_notices":[],"_links":{"self":[{"href":"https:\/\/aaltokoivula.fi\/wordpress\/wp-json\/wp\/v2\/pages\/11","targetHints":{"allow":["GET"]}}],"collection":[{"href":"https:\/\/aaltokoivula.fi\/wordpress\/wp-json\/wp\/v2\/pages"}],"about":[{"href":"https:\/\/aaltokoivula.fi\/wordpress\/wp-json\/wp\/v2\/types\/page"}],"author":[{"embeddable":true,"href":"https:\/\/aaltokoivula.fi\/wordpress\/wp-json\/wp\/v2\/users\/1"}],"replies":[{"embeddable":true,"href":"https:\/\/aaltokoivula.fi\/wordpress\/wp-json\/wp\/v2\/comments?post=11"}],"version-history":[{"count":12,"href":"https:\/\/aaltokoivula.fi\/wordpress\/wp-json\/wp\/v2\/pages\/11\/revisions"}],"predecessor-version":[{"id":236,"href":"https:\/\/aaltokoivula.fi\/wordpress\/wp-json\/wp\/v2\/pages\/11\/revisions\/236"}],"up":[{"embeddable":true,"href":"https:\/\/aaltokoivula.fi\/wordpress\/wp-json\/wp\/v2\/pages\/227"}],"wp:attachment":[{"href":"https:\/\/aaltokoivula.fi\/wordpress\/wp-json\/wp\/v2\/media?parent=11"}],"curies":[{"name":"wp","href":"https:\/\/api.w.org\/{rel}","templated":true}]}}