{"id":15,"date":"2015-03-06T17:48:05","date_gmt":"2015-03-06T17:48:05","guid":{"rendered":"http:\/\/aaltokoivula.fi\/wordpress\/?page_id=15"},"modified":"2015-03-18T04:04:04","modified_gmt":"2015-03-18T04:04:04","slug":"perheoikeus","status":"publish","type":"page","link":"https:\/\/aaltokoivula.fi\/wordpress\/perhe-ja-perinto\/perheoikeus\/","title":{"rendered":"Avioero ja avoero sek\u00e4 lapset"},"content":{"rendered":"<p style=\"text-align: justify;\"><span style=\"font-size: medium;\">Palveluihimme kuuluvat avio-eroasioiden ja rekister\u00f6ityjen parisuhteiden p\u00e4\u00e4ttymisen hoitaminen sek\u00e4 ositusasiat. 1.4.2011 voimaantullut laki avopuolisoiden yhteistalouden purkamisesta on lis\u00e4nnyt tarvetta lainopillisille osaamiselle my\u00f6s avoerojen osalta. <\/span><\/p>\n<p style=\"text-align: justify;\"><span style=\"font-size: medium;\">Laadimme my\u00f6s lasten huolto- ja tapaamisoikeussopimuksia sek\u00e4 hoidamme elatusapuasioita. Pyrimme saamaan osapuolten v\u00e4lille hyv\u00e4n sopimuksen, joka turvaisi lapselle toimivat v\u00e4lit molempiin vanhempiinsa. <\/span><\/p>\n<p style=\"text-align: justify;\"><span style=\"font-size: medium;\">Tarvittaessa hoidamme kuitenkin my\u00f6s n\u00e4ihin liittyv\u00e4t oikeudenk\u00e4ynnit.<br \/>\n<\/span><\/p>\n<p style=\"text-align: justify;\"><a href=\"https:\/\/aaltokoivula.fi\/wordpress\/wp-content\/uploads\/2015\/03\/Vuosi-2012-2013-220.jpg\"><img loading=\"lazy\" decoding=\"async\" class=\"alignnone size-medium wp-image-118\" src=\"https:\/\/aaltokoivula.fi\/wordpress\/wp-content\/uploads\/2015\/03\/Vuosi-2012-2013-220-300x225.jpg\" alt=\"Vuosi 2012-2013 220\" width=\"300\" height=\"225\" srcset=\"https:\/\/aaltokoivula.fi\/wordpress\/wp-content\/uploads\/2015\/03\/Vuosi-2012-2013-220-300x225.jpg 300w, https:\/\/aaltokoivula.fi\/wordpress\/wp-content\/uploads\/2015\/03\/Vuosi-2012-2013-220-1024x768.jpg 1024w, https:\/\/aaltokoivula.fi\/wordpress\/wp-content\/uploads\/2015\/03\/Vuosi-2012-2013-220-258x194.jpg 258w, https:\/\/aaltokoivula.fi\/wordpress\/wp-content\/uploads\/2015\/03\/Vuosi-2012-2013-220-70x53.jpg 70w\" sizes=\"auto, (max-width: 300px) 100vw, 300px\" \/><\/a><\/p>\n","protected":false},"excerpt":{"rendered":"<p>Palveluihimme kuuluvat avio-eroasioiden ja rekister\u00f6ityjen parisuhteiden p\u00e4\u00e4ttymisen hoitaminen sek\u00e4 ositusasiat. 1.4.2011 voimaantullut laki avopuolisoiden yhteistalouden purkamisesta on lis\u00e4nnyt tarvetta lainopillisille osaamiselle my\u00f6s avoerojen osalta. Laadimme my\u00f6s lasten huolto- ja tapaamisoikeussopimuksia sek\u00e4 hoidamme elatusapuasioita. Pyrimme saamaan osapuolten v\u00e4lille hyv\u00e4n sopimuksen, joka turvaisi lapselle toimivat v\u00e4lit molempiin vanhempiinsa. Tarvittaessa hoidamme kuitenkin my\u00f6s n\u00e4ihin liittyv\u00e4t oikeudenk\u00e4ynnit.<\/p>\n","protected":false},"author":1,"featured_media":0,"parent":154,"menu_order":4,"comment_status":"closed","ping_status":"closed","template":"","meta":{"_exactmetrics_skip_tracking":false,"_exactmetrics_sitenote_active":false,"_exactmetrics_sitenote_note":"","_exactmetrics_sitenote_category":0,"footnotes":""},"class_list":["post-15","page","type-page","status-publish","hentry"],"aioseo_notices":[],"_links":{"self":[{"href":"https:\/\/aaltokoivula.fi\/wordpress\/wp-json\/wp\/v2\/pages\/15","targetHints":{"allow":["GET"]}}],"collection":[{"href":"https:\/\/aaltokoivula.fi\/wordpress\/wp-json\/wp\/v2\/pages"}],"about":[{"href":"https:\/\/aaltokoivula.fi\/wordpress\/wp-json\/wp\/v2\/types\/page"}],"author":[{"embeddable":true,"href":"https:\/\/aaltokoivula.fi\/wordpress\/wp-json\/wp\/v2\/users\/1"}],"replies":[{"embeddable":true,"href":"https:\/\/aaltokoivula.fi\/wordpress\/wp-json\/wp\/v2\/comments?post=15"}],"version-history":[{"count":7,"href":"https:\/\/aaltokoivula.fi\/wordpress\/wp-json\/wp\/v2\/pages\/15\/revisions"}],"predecessor-version":[{"id":218,"href":"https:\/\/aaltokoivula.fi\/wordpress\/wp-json\/wp\/v2\/pages\/15\/revisions\/218"}],"up":[{"embeddable":true,"href":"https:\/\/aaltokoivula.fi\/wordpress\/wp-json\/wp\/v2\/pages\/154"}],"wp:attachment":[{"href":"https:\/\/aaltokoivula.fi\/wordpress\/wp-json\/wp\/v2\/media?parent=15"}],"curies":[{"name":"wp","href":"https:\/\/api.w.org\/{rel}","templated":true}]}}