{"id":154,"date":"2015-03-06T21:18:03","date_gmt":"2015-03-06T21:18:03","guid":{"rendered":"http:\/\/aaltokoivula.fi\/wordpress\/?page_id=154"},"modified":"2015-03-18T04:03:25","modified_gmt":"2015-03-18T04:03:25","slug":"perhe-ja-perinto","status":"publish","type":"page","link":"https:\/\/aaltokoivula.fi\/wordpress\/perhe-ja-perinto\/","title":{"rendered":"Perhe ja perint\u00f6"},"content":{"rendered":"<div class=\"textwidget\">\n<p>Toimialaamme kuuluvat erilaiset perhesuhteisiin liittyv\u00e4t lakiasiat.<\/p>\n<p>Laadimme <a title=\"Avioehto\" href=\"https:\/\/aaltokoivula.fi\/wordpress\/perhe-ja-perinto\/avioehto\/\">avioehtoja<\/a> ja lasten huolto-, tapaamisoikeus- ja elatussopimuksia.<\/p>\n<p>Hoidamme <a title=\"Avioero ja avoero sek\u00e4 lapset\" href=\"https:\/\/aaltokoivula.fi\/wordpress\/perhe-ja-perinto\/perheoikeus\/\">avo- ja avioeroja sek\u00e4 ositusasioita<\/a>.<\/p>\n<p>Toimialaamme kuuluvat yksil\u00f6lliset <a title=\"Testamentti\" href=\"https:\/\/aaltokoivula.fi\/wordpress\/perhe-ja-perinto\/testamentti\/\">testamentit<\/a> sek\u00e4 testamentin moiteasiat.<\/p>\n<p>Huolehdimme <a title=\"Perint\u00f6oikeus\" href=\"https:\/\/aaltokoivula.fi\/wordpress\/perhe-ja-perinto\/perintooikeus\/\">perunkirjoitukseen ja perinn\u00f6njakoon<\/a> liittyvist\u00e4 toimeksiannoista.<\/p>\n<p><a href=\"https:\/\/aaltokoivula.fi\/wordpress\/wp-content\/uploads\/2015\/03\/Kyhmyjoutsen.jpg\"><img loading=\"lazy\" decoding=\"async\" class=\"alignnone size-medium wp-image-158\" src=\"https:\/\/aaltokoivula.fi\/wordpress\/wp-content\/uploads\/2015\/03\/Kyhmyjoutsen-300x225.jpg\" alt=\"Kyhmyjoutsen\" width=\"300\" height=\"225\" srcset=\"https:\/\/aaltokoivula.fi\/wordpress\/wp-content\/uploads\/2015\/03\/Kyhmyjoutsen-300x225.jpg 300w, https:\/\/aaltokoivula.fi\/wordpress\/wp-content\/uploads\/2015\/03\/Kyhmyjoutsen-1024x768.jpg 1024w, https:\/\/aaltokoivula.fi\/wordpress\/wp-content\/uploads\/2015\/03\/Kyhmyjoutsen-258x194.jpg 258w, https:\/\/aaltokoivula.fi\/wordpress\/wp-content\/uploads\/2015\/03\/Kyhmyjoutsen-70x53.jpg 70w\" sizes=\"auto, (max-width: 300px) 100vw, 300px\" \/><\/a><\/p>\n<\/div>\n","protected":false},"excerpt":{"rendered":"<p>Toimialaamme kuuluvat erilaiset perhesuhteisiin liittyv\u00e4t lakiasiat. Laadimme avioehtoja ja lasten huolto-, tapaamisoikeus- ja elatussopimuksia. Hoidamme avo- ja avioeroja sek\u00e4 ositusasioita. Toimialaamme kuuluvat yksil\u00f6lliset testamentit sek\u00e4 testamentin moiteasiat. Huolehdimme perunkirjoitukseen ja perinn\u00f6njakoon liittyvist\u00e4 toimeksiannoista.<\/p>\n","protected":false},"author":1,"featured_media":0,"parent":0,"menu_order":2,"comment_status":"closed","ping_status":"closed","template":"","meta":{"_exactmetrics_skip_tracking":false,"_exactmetrics_sitenote_active":false,"_exactmetrics_sitenote_note":"","_exactmetrics_sitenote_category":0,"footnotes":""},"class_list":["post-154","page","type-page","status-publish","hentry"],"aioseo_notices":[],"_links":{"self":[{"href":"https:\/\/aaltokoivula.fi\/wordpress\/wp-json\/wp\/v2\/pages\/154","targetHints":{"allow":["GET"]}}],"collection":[{"href":"https:\/\/aaltokoivula.fi\/wordpress\/wp-json\/wp\/v2\/pages"}],"about":[{"href":"https:\/\/aaltokoivula.fi\/wordpress\/wp-json\/wp\/v2\/types\/page"}],"author":[{"embeddable":true,"href":"https:\/\/aaltokoivula.fi\/wordpress\/wp-json\/wp\/v2\/users\/1"}],"replies":[{"embeddable":true,"href":"https:\/\/aaltokoivula.fi\/wordpress\/wp-json\/wp\/v2\/comments?post=154"}],"version-history":[{"count":4,"href":"https:\/\/aaltokoivula.fi\/wordpress\/wp-json\/wp\/v2\/pages\/154\/revisions"}],"predecessor-version":[{"id":212,"href":"https:\/\/aaltokoivula.fi\/wordpress\/wp-json\/wp\/v2\/pages\/154\/revisions\/212"}],"wp:attachment":[{"href":"https:\/\/aaltokoivula.fi\/wordpress\/wp-json\/wp\/v2\/media?parent=154"}],"curies":[{"name":"wp","href":"https:\/\/api.w.org\/{rel}","templated":true}]}}