{"id":165,"date":"2015-03-06T21:50:19","date_gmt":"2015-03-06T21:50:19","guid":{"rendered":"http:\/\/aaltokoivula.fi\/wordpress\/?page_id=165"},"modified":"2015-03-18T04:27:09","modified_gmt":"2015-03-18T04:27:09","slug":"palvelut-yrityksille","status":"publish","type":"page","link":"https:\/\/aaltokoivula.fi\/wordpress\/palvelut-yrityksille\/","title":{"rendered":"Palvelut yrityksille"},"content":{"rendered":"<div class=\"textwidget\">\n<p>Palvelemme erityisesti<a title=\"Yritykset\" href=\"https:\/\/aaltokoivula.fi\/wordpress\/palvelut-yrityksille\/yritykset\/\"> pk-yrityksi\u00e4 <\/a>ja <a title=\"Asunto-osakeyhti\u00f6asiat\" href=\"https:\/\/aaltokoivula.fi\/wordpress\/palvelut-yrityksille\/asunto-osakeyhtioasiat\/\">asunto-osakeyhti\u00f6it\u00e4<\/a> mm. yhti\u00f6iden perustamisia ja rekister\u00f6intej\u00e4 sek\u00e4<br \/>\nniiden asiakirjojen laatimista ja muuttamista koskevissa asioissa.<\/p>\n<p style=\"text-align: justify;\">Hoidamme my\u00f6s yritysluovutuksiin ja konkurssiasioihin liittyv\u00e4t toimeksiantoja sek\u00e4 teemme oikeuteen maksuvaatimuksia.<\/p>\n<p style=\"text-align: justify;\">\n<p style=\"text-align: justify;\">\n<p style=\"text-align: justify;\"><a href=\"https:\/\/aaltokoivula.fi\/wordpress\/wp-content\/uploads\/2015\/03\/Toimistop\u00f6yt\u00e4.jpg\"><img loading=\"lazy\" decoding=\"async\" class=\"alignnone size-medium wp-image-237\" src=\"https:\/\/aaltokoivula.fi\/wordpress\/wp-content\/uploads\/2015\/03\/Toimistop\u00f6yt\u00e4-300x225.jpg\" alt=\"Toimistop\u00f6yt\u00e4\" width=\"300\" height=\"225\" srcset=\"https:\/\/aaltokoivula.fi\/wordpress\/wp-content\/uploads\/2015\/03\/Toimistop\u00f6yt\u00e4-300x225.jpg 300w, https:\/\/aaltokoivula.fi\/wordpress\/wp-content\/uploads\/2015\/03\/Toimistop\u00f6yt\u00e4-1024x768.jpg 1024w, https:\/\/aaltokoivula.fi\/wordpress\/wp-content\/uploads\/2015\/03\/Toimistop\u00f6yt\u00e4-258x194.jpg 258w, https:\/\/aaltokoivula.fi\/wordpress\/wp-content\/uploads\/2015\/03\/Toimistop\u00f6yt\u00e4-70x53.jpg 70w, https:\/\/aaltokoivula.fi\/wordpress\/wp-content\/uploads\/2015\/03\/Toimistop\u00f6yt\u00e4.jpg 1600w\" sizes=\"auto, (max-width: 300px) 100vw, 300px\" \/><\/a><\/p>\n<\/div>\n","protected":false},"excerpt":{"rendered":"<p>Palvelemme erityisesti pk-yrityksi\u00e4 ja asunto-osakeyhti\u00f6it\u00e4 mm. yhti\u00f6iden perustamisia ja rekister\u00f6intej\u00e4 sek\u00e4 niiden asiakirjojen laatimista ja muuttamista koskevissa asioissa. Hoidamme my\u00f6s yritysluovutuksiin ja konkurssiasioihin liittyv\u00e4t toimeksiantoja sek\u00e4 teemme oikeuteen maksuvaatimuksia.<\/p>\n","protected":false},"author":1,"featured_media":0,"parent":0,"menu_order":10,"comment_status":"closed","ping_status":"closed","template":"","meta":{"_exactmetrics_skip_tracking":false,"_exactmetrics_sitenote_active":false,"_exactmetrics_sitenote_note":"","_exactmetrics_sitenote_category":0,"footnotes":""},"class_list":["post-165","page","type-page","status-publish","hentry"],"aioseo_notices":[],"_links":{"self":[{"href":"https:\/\/aaltokoivula.fi\/wordpress\/wp-json\/wp\/v2\/pages\/165","targetHints":{"allow":["GET"]}}],"collection":[{"href":"https:\/\/aaltokoivula.fi\/wordpress\/wp-json\/wp\/v2\/pages"}],"about":[{"href":"https:\/\/aaltokoivula.fi\/wordpress\/wp-json\/wp\/v2\/types\/page"}],"author":[{"embeddable":true,"href":"https:\/\/aaltokoivula.fi\/wordpress\/wp-json\/wp\/v2\/users\/1"}],"replies":[{"embeddable":true,"href":"https:\/\/aaltokoivula.fi\/wordpress\/wp-json\/wp\/v2\/comments?post=165"}],"version-history":[{"count":7,"href":"https:\/\/aaltokoivula.fi\/wordpress\/wp-json\/wp\/v2\/pages\/165\/revisions"}],"predecessor-version":[{"id":239,"href":"https:\/\/aaltokoivula.fi\/wordpress\/wp-json\/wp\/v2\/pages\/165\/revisions\/239"}],"wp:attachment":[{"href":"https:\/\/aaltokoivula.fi\/wordpress\/wp-json\/wp\/v2\/media?parent=165"}],"curies":[{"name":"wp","href":"https:\/\/api.w.org\/{rel}","templated":true}]}}