{"id":21,"date":"2015-03-06T17:51:56","date_gmt":"2015-03-06T17:51:56","guid":{"rendered":"http:\/\/aaltokoivula.fi\/wordpress\/?page_id=21"},"modified":"2015-03-18T04:04:52","modified_gmt":"2015-03-18T04:04:52","slug":"asiakirjojen-laatiminen","status":"publish","type":"page","link":"https:\/\/aaltokoivula.fi\/wordpress\/asiakirjojen-laatiminen\/","title":{"rendered":"Asiakirjat"},"content":{"rendered":"<p style=\"text-align: justify;\"><span style=\"font-size: medium;\">Laadimme tarvitsemanne asiakirjat, esimerkiksi kauppa- ja lahjakirjat, sopimukset, valitukset ja kirjelm\u00e4t. Avustamme lainhuuto- ja kiinnitysasioissa sek\u00e4 vuokrasopimuksiin liittyviss\u00e4 asioissa. Selvit\u00e4mme my\u00f6s n\u00e4ihin liittyvi\u00e4 verotuksellisia vaikutuksia. Lis\u00e4ksi teemme puolestanne tarvittaessa veroilmoituksia.<\/span><\/p>\n<p style=\"text-align: justify;\">Selvit\u00e4mme <a title=\"Edunvalvonta ja valtakirja\" href=\"https:\/\/aaltokoivula.fi\/wordpress\/asiakirjojen-laatiminen\/edunvalvonta-valtakirja\/\">edunvalvonnan<\/a> edellytyksi\u00e4 ja laadimme edunvalvontavaltakirjoja yksil\u00f6llisist\u00e4 tarpeistanne l\u00e4htien.<\/p>\n<p style=\"text-align: justify;\">Annamme lainopillista neuvontaa.<\/p>\n<p style=\"text-align: center;\"><a href=\"https:\/\/aaltokoivula.fi\/wordpress\/wp-content\/uploads\/2015\/03\/kirje.jpg\"><img loading=\"lazy\" decoding=\"async\" class=\"alignnone size-medium wp-image-55\" src=\"https:\/\/aaltokoivula.fi\/wordpress\/wp-content\/uploads\/2015\/03\/kirje-267x300.jpg\" alt=\"kirje\" width=\"267\" height=\"300\" srcset=\"https:\/\/aaltokoivula.fi\/wordpress\/wp-content\/uploads\/2015\/03\/kirje-267x300.jpg 267w, https:\/\/aaltokoivula.fi\/wordpress\/wp-content\/uploads\/2015\/03\/kirje.jpg 290w\" sizes=\"auto, (max-width: 267px) 100vw, 267px\" \/><\/a><\/p>\n","protected":false},"excerpt":{"rendered":"<p>Laadimme tarvitsemanne asiakirjat, esimerkiksi kauppa- ja lahjakirjat, sopimukset, valitukset ja kirjelm\u00e4t. Avustamme lainhuuto- ja kiinnitysasioissa sek\u00e4 vuokrasopimuksiin liittyviss\u00e4 asioissa. Selvit\u00e4mme my\u00f6s n\u00e4ihin liittyvi\u00e4 verotuksellisia vaikutuksia. Lis\u00e4ksi teemme puolestanne tarvittaessa veroilmoituksia. Selvit\u00e4mme edunvalvonnan edellytyksi\u00e4 ja laadimme edunvalvontavaltakirjoja yksil\u00f6llisist\u00e4 tarpeistanne l\u00e4htien. Annamme lainopillista neuvontaa.<\/p>\n","protected":false},"author":1,"featured_media":0,"parent":0,"menu_order":8,"comment_status":"closed","ping_status":"closed","template":"","meta":{"_exactmetrics_skip_tracking":false,"_exactmetrics_sitenote_active":false,"_exactmetrics_sitenote_note":"","_exactmetrics_sitenote_category":0,"footnotes":""},"class_list":["post-21","page","type-page","status-publish","hentry"],"aioseo_notices":[],"_links":{"self":[{"href":"https:\/\/aaltokoivula.fi\/wordpress\/wp-json\/wp\/v2\/pages\/21","targetHints":{"allow":["GET"]}}],"collection":[{"href":"https:\/\/aaltokoivula.fi\/wordpress\/wp-json\/wp\/v2\/pages"}],"about":[{"href":"https:\/\/aaltokoivula.fi\/wordpress\/wp-json\/wp\/v2\/types\/page"}],"author":[{"embeddable":true,"href":"https:\/\/aaltokoivula.fi\/wordpress\/wp-json\/wp\/v2\/users\/1"}],"replies":[{"embeddable":true,"href":"https:\/\/aaltokoivula.fi\/wordpress\/wp-json\/wp\/v2\/comments?post=21"}],"version-history":[{"count":8,"href":"https:\/\/aaltokoivula.fi\/wordpress\/wp-json\/wp\/v2\/pages\/21\/revisions"}],"predecessor-version":[{"id":224,"href":"https:\/\/aaltokoivula.fi\/wordpress\/wp-json\/wp\/v2\/pages\/21\/revisions\/224"}],"wp:attachment":[{"href":"https:\/\/aaltokoivula.fi\/wordpress\/wp-json\/wp\/v2\/media?parent=21"}],"curies":[{"name":"wp","href":"https:\/\/api.w.org\/{rel}","templated":true}]}}