{"id":227,"date":"2015-03-18T02:25:16","date_gmt":"2015-03-18T02:25:16","guid":{"rendered":"http:\/\/aaltokoivula.fi\/wordpress\/?page_id=227"},"modified":"2020-01-20T15:47:37","modified_gmt":"2020-01-20T15:47:37","slug":"muut-lakiasiat","status":"publish","type":"page","link":"https:\/\/aaltokoivula.fi\/wordpress\/muut-lakiasiat\/","title":{"rendered":"Muut lakiasiat"},"content":{"rendered":"<p style=\"text-align: justify;\">Hoidamme tarvittaessa sopimusneuvottelut puolestanne.<\/p>\n<p style=\"text-align: justify;\">Avustamme oikeudenk\u00e4ynneiss\u00e4 eri tuomioistuimissa riita- ja rikosjutuissa sek\u00e4 hallinto- ja hakemusasioissa.<\/p>\n<p style=\"text-align: justify;\">\nLaskemme tarvittaessa mahdollisuutenne oikeusapuun tai vakuutusyhti\u00f6n oikeusturvaan ja teemme haluttaessa hakemuksen.<\/p>\n<p style=\"text-align: justify;\">Laadimme puolestanne\u00a0 valitukset ja oikaisuvaatimukset viranomaisille.<\/p>\n<p>Teemme l\u00e4hestymiskielto- ja virka-apuhakemuksia.<\/p>\n","protected":false},"excerpt":{"rendered":"<p>Hoidamme tarvittaessa sopimusneuvottelut puolestanne. Avustamme oikeudenk\u00e4ynneiss\u00e4 eri tuomioistuimissa riita- ja rikosjutuissa sek\u00e4 hallinto- ja hakemusasioissa. Laskemme tarvittaessa mahdollisuutenne oikeusapuun tai vakuutusyhti\u00f6n oikeusturvaan ja teemme haluttaessa hakemuksen. Laadimme puolestanne\u00a0 valitukset ja oikaisuvaatimukset viranomaisille. Teemme l\u00e4hestymiskielto- ja virka-apuhakemuksia.<\/p>\n","protected":false},"author":1,"featured_media":0,"parent":0,"menu_order":9,"comment_status":"closed","ping_status":"closed","template":"","meta":{"_exactmetrics_skip_tracking":false,"_exactmetrics_sitenote_active":false,"_exactmetrics_sitenote_note":"","_exactmetrics_sitenote_category":0,"footnotes":""},"class_list":["post-227","page","type-page","status-publish","hentry"],"aioseo_notices":[],"_links":{"self":[{"href":"https:\/\/aaltokoivula.fi\/wordpress\/wp-json\/wp\/v2\/pages\/227","targetHints":{"allow":["GET"]}}],"collection":[{"href":"https:\/\/aaltokoivula.fi\/wordpress\/wp-json\/wp\/v2\/pages"}],"about":[{"href":"https:\/\/aaltokoivula.fi\/wordpress\/wp-json\/wp\/v2\/types\/page"}],"author":[{"embeddable":true,"href":"https:\/\/aaltokoivula.fi\/wordpress\/wp-json\/wp\/v2\/users\/1"}],"replies":[{"embeddable":true,"href":"https:\/\/aaltokoivula.fi\/wordpress\/wp-json\/wp\/v2\/comments?post=227"}],"version-history":[{"count":2,"href":"https:\/\/aaltokoivula.fi\/wordpress\/wp-json\/wp\/v2\/pages\/227\/revisions"}],"predecessor-version":[{"id":280,"href":"https:\/\/aaltokoivula.fi\/wordpress\/wp-json\/wp\/v2\/pages\/227\/revisions\/280"}],"wp:attachment":[{"href":"https:\/\/aaltokoivula.fi\/wordpress\/wp-json\/wp\/v2\/media?parent=227"}],"curies":[{"name":"wp","href":"https:\/\/api.w.org\/{rel}","templated":true}]}}