{"id":23,"date":"2015-03-06T17:50:26","date_gmt":"2015-03-06T17:50:26","guid":{"rendered":"http:\/\/aaltokoivula.fi\/wordpress\/?page_id=23"},"modified":"2015-03-18T04:08:03","modified_gmt":"2015-03-18T04:08:03","slug":"asunto-osakeyhtioasiat","status":"publish","type":"page","link":"https:\/\/aaltokoivula.fi\/wordpress\/palvelut-yrityksille\/asunto-osakeyhtioasiat\/","title":{"rendered":"Asunto-osakeyhti\u00f6asiat"},"content":{"rendered":"<p style=\"text-align: justify;\"><span style=\"font-size: medium;\">Olemme tarjonneet pienimuotoista is\u00e4nn\u00f6intitoimintaa jo parin vuosikymmenen ajan. Olemme hoitaneet taloyhti\u00f6iss\u00e4 tapahtuneiden vahinkojen korjauksiin liittyvi\u00e4 korvausneuvotteluja. Erityisesti vesivahinkojen kohdalla asiat muuttuvat nopeasti monimutkaisiksi, kun osapuolina on osakkeenomistajan ja taloyhti\u00f6n lis\u00e4ksi vakuutusyhti\u00f6, mahdollinen rakennusyhti\u00f6 ja kenties viel\u00e4 huoneiston asukaskin. Hoidamme my\u00f6s muita asumiseen liittyvi\u00e4 asioita, kuten vuokrasopimusasioita. Laadimme yhti\u00f6j\u00e4rjestyksen muutoksia ja annamme yleisneuvontaa asunto-osakeyhti\u00f6lain muutoksista.<\/span><\/p>\n<p style=\"text-align: center;\"><a href=\"https:\/\/aaltokoivula.fi\/wordpress\/wp-content\/uploads\/2015\/03\/Nokian-kuvat-29.8.2013-068.jpg\"><img loading=\"lazy\" decoding=\"async\" class=\"alignnone size-medium wp-image-140\" src=\"https:\/\/aaltokoivula.fi\/wordpress\/wp-content\/uploads\/2015\/03\/Nokian-kuvat-29.8.2013-068-225x300.jpg\" alt=\"Nokian kuvat 29.8.2013 068\" width=\"225\" height=\"300\" srcset=\"https:\/\/aaltokoivula.fi\/wordpress\/wp-content\/uploads\/2015\/03\/Nokian-kuvat-29.8.2013-068-225x300.jpg 225w, https:\/\/aaltokoivula.fi\/wordpress\/wp-content\/uploads\/2015\/03\/Nokian-kuvat-29.8.2013-068-768x1024.jpg 768w, https:\/\/aaltokoivula.fi\/wordpress\/wp-content\/uploads\/2015\/03\/Nokian-kuvat-29.8.2013-068.jpg 1200w\" sizes=\"auto, (max-width: 225px) 100vw, 225px\" \/><\/a><\/p>\n","protected":false},"excerpt":{"rendered":"<p>Olemme tarjonneet pienimuotoista is\u00e4nn\u00f6intitoimintaa jo parin vuosikymmenen ajan. Olemme hoitaneet taloyhti\u00f6iss\u00e4 tapahtuneiden vahinkojen korjauksiin liittyvi\u00e4 korvausneuvotteluja. Erityisesti vesivahinkojen kohdalla asiat muuttuvat nopeasti monimutkaisiksi, kun osapuolina on osakkeenomistajan ja taloyhti\u00f6n lis\u00e4ksi vakuutusyhti\u00f6, mahdollinen rakennusyhti\u00f6 ja kenties viel\u00e4 huoneiston asukaskin. Hoidamme my\u00f6s muita asumiseen liittyvi\u00e4 asioita, kuten vuokrasopimusasioita. Laadimme yhti\u00f6j\u00e4rjestyksen muutoksia ja annamme yleisneuvontaa asunto-osakeyhti\u00f6lain muutoksista.<\/p>\n","protected":false},"author":1,"featured_media":0,"parent":165,"menu_order":20,"comment_status":"closed","ping_status":"closed","template":"","meta":{"_exactmetrics_skip_tracking":false,"_exactmetrics_sitenote_active":false,"_exactmetrics_sitenote_note":"","_exactmetrics_sitenote_category":0,"footnotes":""},"class_list":["post-23","page","type-page","status-publish","hentry"],"aioseo_notices":[],"_links":{"self":[{"href":"https:\/\/aaltokoivula.fi\/wordpress\/wp-json\/wp\/v2\/pages\/23","targetHints":{"allow":["GET"]}}],"collection":[{"href":"https:\/\/aaltokoivula.fi\/wordpress\/wp-json\/wp\/v2\/pages"}],"about":[{"href":"https:\/\/aaltokoivula.fi\/wordpress\/wp-json\/wp\/v2\/types\/page"}],"author":[{"embeddable":true,"href":"https:\/\/aaltokoivula.fi\/wordpress\/wp-json\/wp\/v2\/users\/1"}],"replies":[{"embeddable":true,"href":"https:\/\/aaltokoivula.fi\/wordpress\/wp-json\/wp\/v2\/comments?post=23"}],"version-history":[{"count":5,"href":"https:\/\/aaltokoivula.fi\/wordpress\/wp-json\/wp\/v2\/pages\/23\/revisions"}],"predecessor-version":[{"id":136,"href":"https:\/\/aaltokoivula.fi\/wordpress\/wp-json\/wp\/v2\/pages\/23\/revisions\/136"}],"up":[{"embeddable":true,"href":"https:\/\/aaltokoivula.fi\/wordpress\/wp-json\/wp\/v2\/pages\/165"}],"wp:attachment":[{"href":"https:\/\/aaltokoivula.fi\/wordpress\/wp-json\/wp\/v2\/media?parent=23"}],"curies":[{"name":"wp","href":"https:\/\/api.w.org\/{rel}","templated":true}]}}