{"id":25,"date":"2015-03-06T17:48:36","date_gmt":"2015-03-06T17:48:36","guid":{"rendered":"http:\/\/aaltokoivula.fi\/wordpress\/?page_id=25"},"modified":"2024-12-30T14:43:29","modified_gmt":"2024-12-30T14:43:29","slug":"avioehto","status":"publish","type":"page","link":"https:\/\/aaltokoivula.fi\/wordpress\/perhe-ja-perinto\/avioehto\/","title":{"rendered":"Avioehto"},"content":{"rendered":"<p style=\"text-align: justify;\">Avioehtosopimus voidaan solmia ennen avioliittoa tai avioliiton aikana. Avioehdolla voidaan poistaa avio-oikeus tai palauttaa aiemmin poistettu avio-oikeus. Avio-oikeus voidaan poistaa kokonaan tai osittain. Avioehtosopimus on teht\u00e4v\u00e4 kirjallisesti ja se on rekister\u00f6it\u00e4v\u00e4. Avioehtosopimuksen muotom\u00e4\u00e4r\u00e4yksiin kuuluvat p\u00e4iv\u00e4ys, allekirjoitus ja kaksi esteet\u00f6nt\u00e4 todistajaa.<\/p>\n<p style=\"text-align: justify;\">Avioehdon laatimisesta todistajineen veloitamme alkaen 150,60 euroa (sis. alv 25,5 %). Sen lis\u00e4ksi Digi- ja v\u00e4est\u00f6tietovirasto perii rekister\u00f6intimaksua 87,00 euroa (vuosi 2025).<\/p>\n<p><a href=\"https:\/\/aaltokoivula.fi\/wordpress\/wp-content\/uploads\/2015\/03\/P6090109.jpg\"><img loading=\"lazy\" decoding=\"async\" class=\"size-medium wp-image-231\" src=\"https:\/\/aaltokoivula.fi\/wordpress\/wp-content\/uploads\/2015\/03\/P6090109-300x225.jpg\" alt=\"Juhla\" width=\"300\" height=\"225\" srcset=\"https:\/\/aaltokoivula.fi\/wordpress\/wp-content\/uploads\/2015\/03\/P6090109-300x225.jpg 300w, https:\/\/aaltokoivula.fi\/wordpress\/wp-content\/uploads\/2015\/03\/P6090109-1024x768.jpg 1024w, https:\/\/aaltokoivula.fi\/wordpress\/wp-content\/uploads\/2015\/03\/P6090109-258x194.jpg 258w, https:\/\/aaltokoivula.fi\/wordpress\/wp-content\/uploads\/2015\/03\/P6090109-70x53.jpg 70w\" sizes=\"auto, (max-width: 300px) 100vw, 300px\" \/><\/a><\/p>\n","protected":false},"excerpt":{"rendered":"<p>Avioehtosopimus voidaan solmia ennen avioliittoa tai avioliiton aikana. Avioehdolla voidaan poistaa avio-oikeus tai palauttaa aiemmin poistettu avio-oikeus. Avio-oikeus voidaan poistaa kokonaan tai osittain. Avioehtosopimus on teht\u00e4v\u00e4 kirjallisesti ja se on rekister\u00f6it\u00e4v\u00e4. Avioehtosopimuksen muotom\u00e4\u00e4r\u00e4yksiin kuuluvat p\u00e4iv\u00e4ys, allekirjoitus ja kaksi esteet\u00f6nt\u00e4 todistajaa. Avioehdon laatimisesta todistajineen veloitamme alkaen 150,60 euroa (sis. alv 25,5 %). Sen lis\u00e4ksi Digi- ja v\u00e4est\u00f6tietovirasto perii rekister\u00f6intimaksua 87,00 euroa (vuosi 2025).<\/p>\n","protected":false},"author":1,"featured_media":0,"parent":154,"menu_order":3,"comment_status":"closed","ping_status":"closed","template":"","meta":{"_exactmetrics_skip_tracking":false,"_exactmetrics_sitenote_active":false,"_exactmetrics_sitenote_note":"","_exactmetrics_sitenote_category":0,"footnotes":""},"class_list":["post-25","page","type-page","status-publish","hentry"],"aioseo_notices":[],"_links":{"self":[{"href":"https:\/\/aaltokoivula.fi\/wordpress\/wp-json\/wp\/v2\/pages\/25","targetHints":{"allow":["GET"]}}],"collection":[{"href":"https:\/\/aaltokoivula.fi\/wordpress\/wp-json\/wp\/v2\/pages"}],"about":[{"href":"https:\/\/aaltokoivula.fi\/wordpress\/wp-json\/wp\/v2\/types\/page"}],"author":[{"embeddable":true,"href":"https:\/\/aaltokoivula.fi\/wordpress\/wp-json\/wp\/v2\/users\/1"}],"replies":[{"embeddable":true,"href":"https:\/\/aaltokoivula.fi\/wordpress\/wp-json\/wp\/v2\/comments?post=25"}],"version-history":[{"count":10,"href":"https:\/\/aaltokoivula.fi\/wordpress\/wp-json\/wp\/v2\/pages\/25\/revisions"}],"predecessor-version":[{"id":283,"href":"https:\/\/aaltokoivula.fi\/wordpress\/wp-json\/wp\/v2\/pages\/25\/revisions\/283"}],"up":[{"embeddable":true,"href":"https:\/\/aaltokoivula.fi\/wordpress\/wp-json\/wp\/v2\/pages\/154"}],"wp:attachment":[{"href":"https:\/\/aaltokoivula.fi\/wordpress\/wp-json\/wp\/v2\/media?parent=25"}],"curies":[{"name":"wp","href":"https:\/\/api.w.org\/{rel}","templated":true}]}}