{"id":265,"date":"2017-09-16T11:29:51","date_gmt":"2017-09-16T11:29:51","guid":{"rendered":"http:\/\/aaltokoivula.fi\/wordpress\/?page_id=265"},"modified":"2017-09-16T11:29:51","modified_gmt":"2017-09-16T11:29:51","slug":"erimielisyyden-ratkaisuelin","status":"publish","type":"page","link":"https:\/\/aaltokoivula.fi\/wordpress\/aloitus\/erimielisyyden-ratkaisuelin\/","title":{"rendered":"Erimielisyyden ratkaisuelin"},"content":{"rendered":"<p>Mik\u00e4li\u00a0 kuluttajan ja elinkeinonharjoittajan v\u00e4list\u00e4 sopimusta koskevaa erimielisyytt\u00e4 ei saada ratkaistuksi osapuolten v\u00e4lisill\u00e4 neuvotteluilla<i>, kuluttaja voi saattaa asian kuluttajariitalautakunnan (<a href=\"http:\/\/www.kuluttajariita.fi\/\" target=\"_blank\" rel=\"noopener\">www.kuluttajariita.fi<\/a>) ratkaistavaksi.<\/p>\n<p>Ennen asian viemist\u00e4 kuluttajariitalautakunnan k\u00e4sittelyyn kuluttajan tulee olla yhteydess\u00e4 maistraattien kuluttajaneuvontaan (<a href=\"http:\/\/www.kuluttajaneuvonta.fi\/\" target=\"_blank\" rel=\"noopener\">www.kuluttajaneuvonta.fi<\/a>).<\/i><\/p>\n","protected":false},"excerpt":{"rendered":"<p>Mik\u00e4li\u00a0 kuluttajan ja elinkeinonharjoittajan v\u00e4list\u00e4 sopimusta koskevaa erimielisyytt\u00e4 ei saada ratkaistuksi osapuolten v\u00e4lisill\u00e4 neuvotteluilla, kuluttaja voi saattaa asian kuluttajariitalautakunnan (www.kuluttajariita.fi) ratkaistavaksi. Ennen asian viemist\u00e4 kuluttajariitalautakunnan k\u00e4sittelyyn kuluttajan tulee olla yhteydess\u00e4 maistraattien kuluttajaneuvontaan (www.kuluttajaneuvonta.fi).<\/p>\n","protected":false},"author":1,"featured_media":0,"parent":73,"menu_order":25,"comment_status":"closed","ping_status":"closed","template":"","meta":{"_exactmetrics_skip_tracking":false,"_exactmetrics_sitenote_active":false,"_exactmetrics_sitenote_note":"","_exactmetrics_sitenote_category":0,"footnotes":""},"class_list":["post-265","page","type-page","status-publish","hentry"],"aioseo_notices":[],"_links":{"self":[{"href":"https:\/\/aaltokoivula.fi\/wordpress\/wp-json\/wp\/v2\/pages\/265","targetHints":{"allow":["GET"]}}],"collection":[{"href":"https:\/\/aaltokoivula.fi\/wordpress\/wp-json\/wp\/v2\/pages"}],"about":[{"href":"https:\/\/aaltokoivula.fi\/wordpress\/wp-json\/wp\/v2\/types\/page"}],"author":[{"embeddable":true,"href":"https:\/\/aaltokoivula.fi\/wordpress\/wp-json\/wp\/v2\/users\/1"}],"replies":[{"embeddable":true,"href":"https:\/\/aaltokoivula.fi\/wordpress\/wp-json\/wp\/v2\/comments?post=265"}],"version-history":[{"count":1,"href":"https:\/\/aaltokoivula.fi\/wordpress\/wp-json\/wp\/v2\/pages\/265\/revisions"}],"predecessor-version":[{"id":266,"href":"https:\/\/aaltokoivula.fi\/wordpress\/wp-json\/wp\/v2\/pages\/265\/revisions\/266"}],"up":[{"embeddable":true,"href":"https:\/\/aaltokoivula.fi\/wordpress\/wp-json\/wp\/v2\/pages\/73"}],"wp:attachment":[{"href":"https:\/\/aaltokoivula.fi\/wordpress\/wp-json\/wp\/v2\/media?parent=265"}],"curies":[{"name":"wp","href":"https:\/\/api.w.org\/{rel}","templated":true}]}}