{"id":27,"date":"2015-03-06T17:49:49","date_gmt":"2015-03-06T17:49:49","guid":{"rendered":"http:\/\/aaltokoivula.fi\/wordpress\/?page_id=27"},"modified":"2024-12-30T14:44:33","modified_gmt":"2024-12-30T14:44:33","slug":"edunvalvonta-valtakirja","status":"publish","type":"page","link":"https:\/\/aaltokoivula.fi\/wordpress\/asiakirjojen-laatiminen\/edunvalvonta-valtakirja\/","title":{"rendered":"Edunvalvonta ja valtakirja"},"content":{"rendered":"<p style=\"text-align: justify;\"><span style=\"font-size: medium;\">Kun henkil\u00f6 ei pysty itse hoitamaan omia taloudellisia asioitaan, h\u00e4nelle voidaan m\u00e4\u00e4r\u00e4t\u00e4 edunvalvoja.<\/span><\/p>\n<p style=\"text-align: justify;\"><span style=\"font-size: medium;\"> Edunvalvontavaltakirja kannattaa tehd\u00e4 ajoissa, jos halutaan itse valita edustaja ja t\u00e4m\u00e4n toimintavallan rajat.\u00a0 Edunvalvontavaltakirja on tarkoitus laatia jo siin\u00e4 vaiheessa, kun henkil\u00f6 itse kykenee hoitamaan omia asioitaan ja ymm\u00e4rt\u00e4m\u00e4\u00e4n valtakirjan merkityksen. <\/span><\/p>\n<p style=\"text-align: justify;\"><span style=\"font-size: medium;\">Kun valtuuttaja tulee kykenem\u00e4tt\u00f6m\u00e4ksi huolehtimaan asioistaan, valtuutettu voi valtakirjan m\u00e4\u00e4rittelemiss\u00e4 rajoissa ryhty\u00e4 edustamaan p\u00e4\u00e4miest\u00e4 saatuaan holhousviranomaisen vahvistuksen valtuutuksen voimaantulolle. Valtuuttaja voi my\u00f6s peruuttaa valtuutuksen niin kauan kuin h\u00e4n ymm\u00e4rt\u00e4\u00e4 asian merkityksen.<\/span><\/p>\n<p style=\"text-align: justify;\"><span style=\"font-size: medium;\">Palkkiomme edunvalvontavaltakirjan laatimisesta on alkaen 150,60 euroa (sis. alv 25,5 %), joka sis\u00e4lt\u00e4\u00e4 asiakirjan laatimisen ja allekirjoittamisen todistajineen toimistollamme.<\/span><\/p>\n<p style=\"text-align: justify;\"><a href=\"https:\/\/aaltokoivula.fi\/wordpress\/wp-content\/uploads\/2015\/03\/Kes\u00e4kuun-alku-2007-085.jpg\"><img loading=\"lazy\" decoding=\"async\" class=\" size-medium wp-image-130 aligncenter\" src=\"https:\/\/aaltokoivula.fi\/wordpress\/wp-content\/uploads\/2015\/03\/Kes\u00e4kuun-alku-2007-085-300x225.jpg\" alt=\"Kes\u00e4kuun alku 2007 085\" width=\"300\" height=\"225\" srcset=\"https:\/\/aaltokoivula.fi\/wordpress\/wp-content\/uploads\/2015\/03\/Kes\u00e4kuun-alku-2007-085-300x225.jpg 300w, https:\/\/aaltokoivula.fi\/wordpress\/wp-content\/uploads\/2015\/03\/Kes\u00e4kuun-alku-2007-085-1024x768.jpg 1024w, https:\/\/aaltokoivula.fi\/wordpress\/wp-content\/uploads\/2015\/03\/Kes\u00e4kuun-alku-2007-085-258x194.jpg 258w, https:\/\/aaltokoivula.fi\/wordpress\/wp-content\/uploads\/2015\/03\/Kes\u00e4kuun-alku-2007-085-70x53.jpg 70w\" sizes=\"auto, (max-width: 300px) 100vw, 300px\" \/><\/a><\/p>\n","protected":false},"excerpt":{"rendered":"<p>Kun henkil\u00f6 ei pysty itse hoitamaan omia taloudellisia asioitaan, h\u00e4nelle voidaan m\u00e4\u00e4r\u00e4t\u00e4 edunvalvoja. Edunvalvontavaltakirja kannattaa tehd\u00e4 ajoissa, jos halutaan itse valita edustaja ja t\u00e4m\u00e4n toimintavallan rajat.\u00a0 Edunvalvontavaltakirja on tarkoitus laatia jo siin\u00e4 vaiheessa, kun henkil\u00f6 itse kykenee hoitamaan omia asioitaan ja ymm\u00e4rt\u00e4m\u00e4\u00e4n valtakirjan merkityksen. Kun valtuuttaja tulee kykenem\u00e4tt\u00f6m\u00e4ksi huolehtimaan asioistaan, valtuutettu voi valtakirjan m\u00e4\u00e4rittelemiss\u00e4 rajoissa ryhty\u00e4 edustamaan p\u00e4\u00e4miest\u00e4 saatuaan holhousviranomaisen vahvistuksen valtuutuksen voimaantulolle. Valtuuttaja voi my\u00f6s peruuttaa valtuutuksen niin kauan kuin h\u00e4n ymm\u00e4rt\u00e4\u00e4 asian merkityksen. Palkkiomme edunvalvontavaltakirjan laatimisesta on alkaen 150,60 euroa (sis. alv 25,5 %), joka sis\u00e4lt\u00e4\u00e4 asiakirjan laatimisen ja allekirjoittamisen todistajineen toimistollamme.<\/p>\n","protected":false},"author":1,"featured_media":0,"parent":21,"menu_order":16,"comment_status":"closed","ping_status":"closed","template":"","meta":{"_exactmetrics_skip_tracking":false,"_exactmetrics_sitenote_active":false,"_exactmetrics_sitenote_note":"","_exactmetrics_sitenote_category":0,"footnotes":""},"class_list":["post-27","page","type-page","status-publish","hentry"],"aioseo_notices":[],"_links":{"self":[{"href":"https:\/\/aaltokoivula.fi\/wordpress\/wp-json\/wp\/v2\/pages\/27","targetHints":{"allow":["GET"]}}],"collection":[{"href":"https:\/\/aaltokoivula.fi\/wordpress\/wp-json\/wp\/v2\/pages"}],"about":[{"href":"https:\/\/aaltokoivula.fi\/wordpress\/wp-json\/wp\/v2\/types\/page"}],"author":[{"embeddable":true,"href":"https:\/\/aaltokoivula.fi\/wordpress\/wp-json\/wp\/v2\/users\/1"}],"replies":[{"embeddable":true,"href":"https:\/\/aaltokoivula.fi\/wordpress\/wp-json\/wp\/v2\/comments?post=27"}],"version-history":[{"count":9,"href":"https:\/\/aaltokoivula.fi\/wordpress\/wp-json\/wp\/v2\/pages\/27\/revisions"}],"predecessor-version":[{"id":285,"href":"https:\/\/aaltokoivula.fi\/wordpress\/wp-json\/wp\/v2\/pages\/27\/revisions\/285"}],"up":[{"embeddable":true,"href":"https:\/\/aaltokoivula.fi\/wordpress\/wp-json\/wp\/v2\/pages\/21"}],"wp:attachment":[{"href":"https:\/\/aaltokoivula.fi\/wordpress\/wp-json\/wp\/v2\/media?parent=27"}],"curies":[{"name":"wp","href":"https:\/\/api.w.org\/{rel}","templated":true}]}}