{"id":30,"date":"2015-03-06T17:51:16","date_gmt":"2015-03-06T17:51:16","guid":{"rendered":"http:\/\/aaltokoivula.fi\/wordpress\/?page_id=30"},"modified":"2020-01-20T15:45:50","modified_gmt":"2020-01-20T15:45:50","slug":"yritykset","status":"publish","type":"page","link":"https:\/\/aaltokoivula.fi\/wordpress\/palvelut-yrityksille\/yritykset\/","title":{"rendered":"Yritykset"},"content":{"rendered":"<p style=\"text-align: justify;\"><span style=\"font-size: medium;\">Laadimme yhti\u00f6n perustamiseen liittyvi\u00e4 asiakirjoja. Laadimme esimerkiksi osakassopimuksia ja yksil\u00f6llisi\u00e4 yhti\u00f6j\u00e4rjestysm\u00e4\u00e4r\u00e4yksi\u00e4 sek\u00e4 muotoilemme tarvittaessa muutokset. Toimimme yritysten apuna osakasmuutoksiin ja yritysj\u00e4rjestelyihin liittyviss\u00e4 asioissa. Hoidamme my\u00f6s muita pk-yritysten laki- ja<\/span> sopimusasioita, kuten sopimusrikkomuksiin ja niist\u00e4 seuraaviin vahingonkorvausvelvollisuuksiin liittyvi\u00e4 ongelmia.<\/p>\n<p>Toimialaamme kuuluvat my\u00f6s konkurssiasioiden hoitaminen ja saatavien oikeudellinen perint\u00e4.<\/p>\n<p style=\"text-align: justify;\">\n<p style=\"text-align: center;\"><a href=\"https:\/\/aaltokoivula.fi\/wordpress\/wp-content\/uploads\/2015\/03\/Suomen-laki.png\"><img loading=\"lazy\" decoding=\"async\" class=\"  wp-image-201 aligncenter\" src=\"https:\/\/aaltokoivula.fi\/wordpress\/wp-content\/uploads\/2015\/03\/Suomen-laki-300x179.png\" alt=\"Suomen laki\" width=\"400\" height=\"239\" srcset=\"https:\/\/aaltokoivula.fi\/wordpress\/wp-content\/uploads\/2015\/03\/Suomen-laki-300x179.png 300w, https:\/\/aaltokoivula.fi\/wordpress\/wp-content\/uploads\/2015\/03\/Suomen-laki.png 671w\" sizes=\"auto, (max-width: 400px) 100vw, 400px\" \/><\/a><\/p>\n","protected":false},"excerpt":{"rendered":"<p>Laadimme yhti\u00f6n perustamiseen liittyvi\u00e4 asiakirjoja. Laadimme esimerkiksi osakassopimuksia ja yksil\u00f6llisi\u00e4 yhti\u00f6j\u00e4rjestysm\u00e4\u00e4r\u00e4yksi\u00e4 sek\u00e4 muotoilemme tarvittaessa muutokset. Toimimme yritysten apuna osakasmuutoksiin ja yritysj\u00e4rjestelyihin liittyviss\u00e4 asioissa. Hoidamme my\u00f6s muita pk-yritysten laki- ja sopimusasioita, kuten sopimusrikkomuksiin ja niist\u00e4 seuraaviin vahingonkorvausvelvollisuuksiin liittyvi\u00e4 ongelmia. Toimialaamme kuuluvat my\u00f6s konkurssiasioiden hoitaminen ja saatavien oikeudellinen perint\u00e4.<\/p>\n","protected":false},"author":1,"featured_media":0,"parent":165,"menu_order":19,"comment_status":"closed","ping_status":"closed","template":"","meta":{"_exactmetrics_skip_tracking":false,"_exactmetrics_sitenote_active":false,"_exactmetrics_sitenote_note":"","_exactmetrics_sitenote_category":0,"footnotes":""},"class_list":["post-30","page","type-page","status-publish","hentry"],"aioseo_notices":[],"_links":{"self":[{"href":"https:\/\/aaltokoivula.fi\/wordpress\/wp-json\/wp\/v2\/pages\/30","targetHints":{"allow":["GET"]}}],"collection":[{"href":"https:\/\/aaltokoivula.fi\/wordpress\/wp-json\/wp\/v2\/pages"}],"about":[{"href":"https:\/\/aaltokoivula.fi\/wordpress\/wp-json\/wp\/v2\/types\/page"}],"author":[{"embeddable":true,"href":"https:\/\/aaltokoivula.fi\/wordpress\/wp-json\/wp\/v2\/users\/1"}],"replies":[{"embeddable":true,"href":"https:\/\/aaltokoivula.fi\/wordpress\/wp-json\/wp\/v2\/comments?post=30"}],"version-history":[{"count":6,"href":"https:\/\/aaltokoivula.fi\/wordpress\/wp-json\/wp\/v2\/pages\/30\/revisions"}],"predecessor-version":[{"id":279,"href":"https:\/\/aaltokoivula.fi\/wordpress\/wp-json\/wp\/v2\/pages\/30\/revisions\/279"}],"up":[{"embeddable":true,"href":"https:\/\/aaltokoivula.fi\/wordpress\/wp-json\/wp\/v2\/pages\/165"}],"wp:attachment":[{"href":"https:\/\/aaltokoivula.fi\/wordpress\/wp-json\/wp\/v2\/media?parent=30"}],"curies":[{"name":"wp","href":"https:\/\/api.w.org\/{rel}","templated":true}]}}