{"id":32,"date":"2015-03-06T17:49:28","date_gmt":"2015-03-06T17:49:28","guid":{"rendered":"http:\/\/aaltokoivula.fi\/wordpress\/?page_id=32"},"modified":"2024-12-30T14:43:59","modified_gmt":"2024-12-30T14:43:59","slug":"testamentti","status":"publish","type":"page","link":"https:\/\/aaltokoivula.fi\/wordpress\/perhe-ja-perinto\/testamentti\/","title":{"rendered":"Testamentti"},"content":{"rendered":"<p style=\"text-align: justify;\"><span style=\"font-size: medium;\">Testamentti on Suomessa muotom\u00e4\u00e4r\u00e4inen oikeustoimi. Testamentilla henkil\u00f6 m\u00e4\u00e4r\u00e4\u00e4 j\u00e4\u00e4mist\u00f6st\u00e4\u00e4n. <\/span><span style=\"font-size: medium;\">Testamentilla voidaan antaa testamentinsaajalle k\u00e4ytt\u00f6oikeus tai omistusoikeus omaisuuteen. Testamentin saajan on annettava testamentti tiedoksi perillisille.<\/span><\/p>\n<p style=\"text-align: justify;\"><span style=\"font-size: medium;\">Rintaperillisell\u00e4 on oikeus lakiosaan siit\u00e4 huolimatta, ett\u00e4 testamentti loukkaisi h\u00e4nen lakiosaoikeuttaan. Lakiosaa on kuitenkin vaadittava m\u00e4\u00e4r\u00e4ajassa.<br \/>\n<\/span><\/p>\n<p style=\"text-align: justify;\"><span style=\"font-size: medium;\">Toimistomme palkkio testamentin laatimisesta on alkaen 150,60 euroa (sis. alv 25,5 %), joka sis\u00e4lt\u00e4\u00e4 asiakirjan laatimisen ja allekirjoittamisen todistajineen toimistollamme.<\/span><\/p>\n<p style=\"text-align: center;\"><a href=\"https:\/\/aaltokoivula.fi\/wordpress\/wp-content\/uploads\/2015\/03\/Syksy-2014-talvi-2015-142.jpg\"><img loading=\"lazy\" decoding=\"async\" class=\"alignnone size-medium wp-image-125\" src=\"https:\/\/aaltokoivula.fi\/wordpress\/wp-content\/uploads\/2015\/03\/Syksy-2014-talvi-2015-142-300x225.jpg\" alt=\"Syksy 2014 - talvi 2015 142\" width=\"300\" height=\"225\" srcset=\"https:\/\/aaltokoivula.fi\/wordpress\/wp-content\/uploads\/2015\/03\/Syksy-2014-talvi-2015-142-300x225.jpg 300w, https:\/\/aaltokoivula.fi\/wordpress\/wp-content\/uploads\/2015\/03\/Syksy-2014-talvi-2015-142-1024x768.jpg 1024w, https:\/\/aaltokoivula.fi\/wordpress\/wp-content\/uploads\/2015\/03\/Syksy-2014-talvi-2015-142-258x194.jpg 258w, https:\/\/aaltokoivula.fi\/wordpress\/wp-content\/uploads\/2015\/03\/Syksy-2014-talvi-2015-142-70x53.jpg 70w, https:\/\/aaltokoivula.fi\/wordpress\/wp-content\/uploads\/2015\/03\/Syksy-2014-talvi-2015-142.jpg 1600w\" sizes=\"auto, (max-width: 300px) 100vw, 300px\" \/><\/a><\/p>\n","protected":false},"excerpt":{"rendered":"<p>Testamentti on Suomessa muotom\u00e4\u00e4r\u00e4inen oikeustoimi. Testamentilla henkil\u00f6 m\u00e4\u00e4r\u00e4\u00e4 j\u00e4\u00e4mist\u00f6st\u00e4\u00e4n. Testamentilla voidaan antaa testamentinsaajalle k\u00e4ytt\u00f6oikeus tai omistusoikeus omaisuuteen. Testamentin saajan on annettava testamentti tiedoksi perillisille. Rintaperillisell\u00e4 on oikeus lakiosaan siit\u00e4 huolimatta, ett\u00e4 testamentti loukkaisi h\u00e4nen lakiosaoikeuttaan. Lakiosaa on kuitenkin vaadittava m\u00e4\u00e4r\u00e4ajassa. Toimistomme palkkio testamentin laatimisesta on alkaen 150,60 euroa (sis. alv 25,5 %), joka sis\u00e4lt\u00e4\u00e4 asiakirjan laatimisen ja allekirjoittamisen todistajineen toimistollamme.<\/p>\n","protected":false},"author":1,"featured_media":0,"parent":154,"menu_order":5,"comment_status":"closed","ping_status":"closed","template":"","meta":{"_exactmetrics_skip_tracking":false,"_exactmetrics_sitenote_active":false,"_exactmetrics_sitenote_note":"","_exactmetrics_sitenote_category":0,"footnotes":""},"class_list":["post-32","page","type-page","status-publish","hentry"],"aioseo_notices":[],"_links":{"self":[{"href":"https:\/\/aaltokoivula.fi\/wordpress\/wp-json\/wp\/v2\/pages\/32","targetHints":{"allow":["GET"]}}],"collection":[{"href":"https:\/\/aaltokoivula.fi\/wordpress\/wp-json\/wp\/v2\/pages"}],"about":[{"href":"https:\/\/aaltokoivula.fi\/wordpress\/wp-json\/wp\/v2\/types\/page"}],"author":[{"embeddable":true,"href":"https:\/\/aaltokoivula.fi\/wordpress\/wp-json\/wp\/v2\/users\/1"}],"replies":[{"embeddable":true,"href":"https:\/\/aaltokoivula.fi\/wordpress\/wp-json\/wp\/v2\/comments?post=32"}],"version-history":[{"count":5,"href":"https:\/\/aaltokoivula.fi\/wordpress\/wp-json\/wp\/v2\/pages\/32\/revisions"}],"predecessor-version":[{"id":284,"href":"https:\/\/aaltokoivula.fi\/wordpress\/wp-json\/wp\/v2\/pages\/32\/revisions\/284"}],"up":[{"embeddable":true,"href":"https:\/\/aaltokoivula.fi\/wordpress\/wp-json\/wp\/v2\/pages\/154"}],"wp:attachment":[{"href":"https:\/\/aaltokoivula.fi\/wordpress\/wp-json\/wp\/v2\/media?parent=32"}],"curies":[{"name":"wp","href":"https:\/\/api.w.org\/{rel}","templated":true}]}}