{"id":34,"date":"2015-03-06T17:33:51","date_gmt":"2015-03-06T17:33:51","guid":{"rendered":"http:\/\/aaltokoivula.fi\/wordpress\/?page_id=34"},"modified":"2020-01-20T14:53:43","modified_gmt":"2020-01-20T14:53:43","slug":"etusivu","status":"publish","type":"page","link":"https:\/\/aaltokoivula.fi\/wordpress\/","title":{"rendered":"Etusivu"},"content":{"rendered":"<p style=\"text-align: justify;\"><a href=\"https:\/\/aaltokoivula.fi\/wordpress\/wp-content\/uploads\/2015\/03\/LogopngkuvaIso.png\"><img loading=\"lazy\" decoding=\"async\" class=\"alignnone size-full wp-image-36\" src=\"https:\/\/aaltokoivula.fi\/wordpress\/wp-content\/uploads\/2015\/03\/LogopngkuvaIso.png\" alt=\"LogopngkuvaIso\" width=\"214\" height=\"63\" \/><\/a><\/p>\n<p style=\"text-align: justify;\">Toimistomme on perustettu vuonna 1993.<\/p>\n<p style=\"text-align: justify;\">Palvelemme p\u00e4\u00e4asiassa yksityishenkil\u00f6it\u00e4 perhe- ja perint\u00f6oikeudellisissa asioissa, joihin kuuluvat mm.\u00a0 <a title=\"Avioehto\" href=\"https:\/\/aaltokoivula.fi\/wordpress\/perhe-ja-perinto\/avioehto\/\">avioehto<\/a> ja <a title=\"Testamentti\" href=\"https:\/\/aaltokoivula.fi\/wordpress\/perhe-ja-perinto\/testamentti\/\">testamentti<\/a>, <a title=\"Perint\u00f6oikeus\" href=\"https:\/\/aaltokoivula.fi\/wordpress\/perhe-ja-perinto\/perintooikeus\/\">perunkirjoitus, ositus ja perinn\u00f6njako<\/a>, <a title=\"Avioero ja avoero sek\u00e4 lapset\" href=\"https:\/\/aaltokoivula.fi\/wordpress\/perhe-ja-perinto\/perheoikeus\/\">avioero sek\u00e4 lapsen huolto ja tapaaminen<\/a>. Toimialaamme kuuluvat lis\u00e4ksi <a title=\"Oikeudenk\u00e4ynnit\" href=\"https:\/\/aaltokoivula.fi\/wordpress\/muut-lakiasiat\/oikeudenkaynnit\/\">oikeudenk\u00e4ynnit<\/a> sek\u00e4 <a title=\"Edunvalvonta ja valtakirja\" href=\"https:\/\/aaltokoivula.fi\/wordpress\/asiakirjojen-laatiminen\/edunvalvonta-valtakirja\/\">edunvalvontaan ja holhoukseen<\/a> liittyv\u00e4t asiat. Hoidamme my\u00f6s <a title=\"Asunto-osakeyhti\u00f6asiat\" href=\"https:\/\/aaltokoivula.fi\/wordpress\/palvelut-yrityksille\/asunto-osakeyhtioasiat\/\">is\u00e4nn\u00f6inti\u00e4<\/a> ja autamme <a title=\"Yritykset\" href=\"https:\/\/aaltokoivula.fi\/wordpress\/palvelut-yrityksille\/yritykset\/\">PK-yrityksi\u00e4<\/a> useimmissa lakiasioissa. Hoidamme saamamme toimeksiannot luottamuksellisesti, huolellisesti ja asiantuntevasti.<\/p>\n<p style=\"text-align: justify;\">Tarvittaessa tapaaminen juristin kanssa voidaan j\u00e4rjest\u00e4\u00e4 my\u00f6s muualla.<\/p>\n<p style=\"text-align: center;\"><a href=\"https:\/\/aaltokoivula.fi\/wordpress\/wp-content\/uploads\/2015\/03\/Lakiasiaintoimisto-Aalto-Koivula.jpg\"><img loading=\"lazy\" decoding=\"async\" class=\"alignnone size-medium wp-image-5\" src=\"https:\/\/aaltokoivula.fi\/wordpress\/wp-content\/uploads\/2015\/03\/Lakiasiaintoimisto-Aalto-Koivula-300x225.jpg\" alt=\"Lakiasiaintoimisto Aalto &amp; Koivula\" width=\"300\" height=\"225\" srcset=\"https:\/\/aaltokoivula.fi\/wordpress\/wp-content\/uploads\/2015\/03\/Lakiasiaintoimisto-Aalto-Koivula-300x225.jpg 300w, https:\/\/aaltokoivula.fi\/wordpress\/wp-content\/uploads\/2015\/03\/Lakiasiaintoimisto-Aalto-Koivula.jpg 336w\" sizes=\"auto, (max-width: 300px) 100vw, 300px\" \/><\/a><\/p>\n","protected":false},"excerpt":{"rendered":"<p>Toimistomme on perustettu vuonna 1993. Palvelemme p\u00e4\u00e4asiassa yksityishenkil\u00f6it\u00e4 perhe- ja perint\u00f6oikeudellisissa asioissa, joihin kuuluvat mm.\u00a0 avioehto ja testamentti, perunkirjoitus, ositus ja perinn\u00f6njako, avioero sek\u00e4 lapsen huolto ja tapaaminen. Toimialaamme kuuluvat lis\u00e4ksi oikeudenk\u00e4ynnit sek\u00e4 edunvalvontaan ja holhoukseen liittyv\u00e4t asiat. Hoidamme my\u00f6s is\u00e4nn\u00f6inti\u00e4 ja autamme PK-yrityksi\u00e4 useimmissa lakiasioissa. Hoidamme saamamme toimeksiannot luottamuksellisesti, huolellisesti ja asiantuntevasti. Tarvittaessa tapaaminen juristin kanssa voidaan j\u00e4rjest\u00e4\u00e4 my\u00f6s muualla.<\/p>\n","protected":false},"author":1,"featured_media":36,"parent":0,"menu_order":1,"comment_status":"closed","ping_status":"closed","template":"","meta":{"_exactmetrics_skip_tracking":false,"_exactmetrics_sitenote_active":false,"_exactmetrics_sitenote_note":"","_exactmetrics_sitenote_category":0,"footnotes":""},"class_list":["post-34","page","type-page","status-publish","has-post-thumbnail","hentry"],"aioseo_notices":[],"_links":{"self":[{"href":"https:\/\/aaltokoivula.fi\/wordpress\/wp-json\/wp\/v2\/pages\/34","targetHints":{"allow":["GET"]}}],"collection":[{"href":"https:\/\/aaltokoivula.fi\/wordpress\/wp-json\/wp\/v2\/pages"}],"about":[{"href":"https:\/\/aaltokoivula.fi\/wordpress\/wp-json\/wp\/v2\/types\/page"}],"author":[{"embeddable":true,"href":"https:\/\/aaltokoivula.fi\/wordpress\/wp-json\/wp\/v2\/users\/1"}],"replies":[{"embeddable":true,"href":"https:\/\/aaltokoivula.fi\/wordpress\/wp-json\/wp\/v2\/comments?post=34"}],"version-history":[{"count":9,"href":"https:\/\/aaltokoivula.fi\/wordpress\/wp-json\/wp\/v2\/pages\/34\/revisions"}],"predecessor-version":[{"id":272,"href":"https:\/\/aaltokoivula.fi\/wordpress\/wp-json\/wp\/v2\/pages\/34\/revisions\/272"}],"wp:featuredmedia":[{"embeddable":true,"href":"https:\/\/aaltokoivula.fi\/wordpress\/wp-json\/wp\/v2\/media\/36"}],"wp:attachment":[{"href":"https:\/\/aaltokoivula.fi\/wordpress\/wp-json\/wp\/v2\/media?parent=34"}],"curies":[{"name":"wp","href":"https:\/\/api.w.org\/{rel}","templated":true}]}}