{"id":38,"date":"2015-03-06T17:56:54","date_gmt":"2015-03-06T17:56:54","guid":{"rendered":"http:\/\/aaltokoivula.fi\/wordpress\/?page_id=38"},"modified":"2024-12-30T14:46:43","modified_gmt":"2024-12-30T14:46:43","slug":"yhteystiedot","status":"publish","type":"page","link":"https:\/\/aaltokoivula.fi\/wordpress\/yhteystiedot\/","title":{"rendered":"Yhteystiedot"},"content":{"rendered":"<blockquote><p>Lakiasiaintoimisto Aalto &amp; Koivula<br \/>\nNuijamiestentie 7, 00400 HELSINKI<\/p>\n<p><a href=\"https:\/\/aaltokoivula.fi\/wordpress\/wp-content\/uploads\/2015\/03\/Pakastepussit-054.jpg\"><img loading=\"lazy\" decoding=\"async\" class=\"alignnone size-medium wp-image-54\" src=\"https:\/\/aaltokoivula.fi\/wordpress\/wp-content\/uploads\/2015\/03\/Pakastepussit-054-300x225.jpg\" alt=\"Pakastepussit 054\" width=\"300\" height=\"225\" srcset=\"https:\/\/aaltokoivula.fi\/wordpress\/wp-content\/uploads\/2015\/03\/Pakastepussit-054-300x225.jpg 300w, https:\/\/aaltokoivula.fi\/wordpress\/wp-content\/uploads\/2015\/03\/Pakastepussit-054-1024x768.jpg 1024w, https:\/\/aaltokoivula.fi\/wordpress\/wp-content\/uploads\/2015\/03\/Pakastepussit-054-258x194.jpg 258w, https:\/\/aaltokoivula.fi\/wordpress\/wp-content\/uploads\/2015\/03\/Pakastepussit-054-70x53.jpg 70w, https:\/\/aaltokoivula.fi\/wordpress\/wp-content\/uploads\/2015\/03\/Pakastepussit-054.jpg 1600w\" sizes=\"auto, (max-width: 300px) 100vw, 300px\" \/><\/a><\/p>\n<p>S\u00e4hk\u00f6posti <a href=\"mailto:yhteys@aaltokoivula.fi\">yhteys@aaltokoivula.fi<\/a><\/p>\n<table style=\"height: 26px;\" border=\"0\" width=\"254\" cellspacing=\"0\" cellpadding=\"0\">\n<tbody>\n<tr>\n<td width=\"155\">Ajanvaraus ja tiedustelut040-935 0320<\/p>\n<p>(09) 512 1621<\/td>\n<\/tr>\n<\/tbody>\n<\/table>\n<p><em><strong>JURISTIMME:<\/strong><\/em><\/p>\n<p><strong>Tuija Aalto<\/strong>, luvan saanut oikeudenk\u00e4yntiavustaja<\/p>\n<p>040-774 9288<\/p>\n<p>tuija.aalto(at)aaltokoivula.fi<\/p>\n<p><strong>Marju Koivula-Granbohm<\/strong>, luvan saanut oikeudenk\u00e4yntiavustaja<\/p>\n<p>050-571 0084<\/p>\n<p>marju.koivula(at)aaltokoivula.fi<\/p>\n<p style=\"text-align: justify;\">P\u00e4\u00e4toimipisteemme sijaitsee nykyisin Helsingiss\u00e4, mutta toimimme koko p\u00e4\u00e4kaupunkiseudun alueella. Maksutonta pys\u00e4k\u00f6intitilaa parkkikiekolla l\u00f6ytyy hyvin Nuijamiestentielt\u00e4. Pikaratikka 15 kulkee l\u00e4helt\u00e4. Toimistomme l\u00e4hell\u00e4 ovat my\u00f6s linja-autopys\u00e4kit busseille 31, 42 ja 53\u00a0 sek\u00e4 H\u00e4meenlinnantiet\u00e4 kulkeville seutulinjoille.<\/p>\n<\/blockquote>\n","protected":false},"excerpt":{"rendered":"<p>Lakiasiaintoimisto Aalto &amp; Koivula Nuijamiestentie 7, 00400 HELSINKI S\u00e4hk\u00f6posti yhteys@aaltokoivula.fi Ajanvaraus ja tiedustelut040-935 0320 (09) 512 1621 JURISTIMME: Tuija Aalto, luvan saanut oikeudenk\u00e4yntiavustaja 040-774 9288 tuija.aalto(at)aaltokoivula.fi Marju Koivula-Granbohm, luvan saanut oikeudenk\u00e4yntiavustaja 050-571 0084 marju.koivula(at)aaltokoivula.fi P\u00e4\u00e4toimipisteemme sijaitsee nykyisin Helsingiss\u00e4, mutta toimimme koko p\u00e4\u00e4kaupunkiseudun alueella. Maksutonta pys\u00e4k\u00f6intitilaa parkkikiekolla l\u00f6ytyy hyvin Nuijamiestentielt\u00e4. Pikaratikka 15 kulkee l\u00e4helt\u00e4. Toimistomme l\u00e4hell\u00e4 ovat my\u00f6s linja-autopys\u00e4kit busseille 31, 42 ja 53\u00a0 sek\u00e4 H\u00e4meenlinnantiet\u00e4 kulkeville seutulinjoille.<\/p>\n","protected":false},"author":1,"featured_media":0,"parent":0,"menu_order":11,"comment_status":"closed","ping_status":"closed","template":"","meta":{"_exactmetrics_skip_tracking":false,"_exactmetrics_sitenote_active":false,"_exactmetrics_sitenote_note":"","_exactmetrics_sitenote_category":0,"footnotes":""},"class_list":["post-38","page","type-page","status-publish","hentry"],"aioseo_notices":[],"_links":{"self":[{"href":"https:\/\/aaltokoivula.fi\/wordpress\/wp-json\/wp\/v2\/pages\/38","targetHints":{"allow":["GET"]}}],"collection":[{"href":"https:\/\/aaltokoivula.fi\/wordpress\/wp-json\/wp\/v2\/pages"}],"about":[{"href":"https:\/\/aaltokoivula.fi\/wordpress\/wp-json\/wp\/v2\/types\/page"}],"author":[{"embeddable":true,"href":"https:\/\/aaltokoivula.fi\/wordpress\/wp-json\/wp\/v2\/users\/1"}],"replies":[{"embeddable":true,"href":"https:\/\/aaltokoivula.fi\/wordpress\/wp-json\/wp\/v2\/comments?post=38"}],"version-history":[{"count":14,"href":"https:\/\/aaltokoivula.fi\/wordpress\/wp-json\/wp\/v2\/pages\/38\/revisions"}],"predecessor-version":[{"id":288,"href":"https:\/\/aaltokoivula.fi\/wordpress\/wp-json\/wp\/v2\/pages\/38\/revisions\/288"}],"wp:attachment":[{"href":"https:\/\/aaltokoivula.fi\/wordpress\/wp-json\/wp\/v2\/media?parent=38"}],"curies":[{"name":"wp","href":"https:\/\/api.w.org\/{rel}","templated":true}]}}