{"id":79,"date":"2015-03-06T19:16:24","date_gmt":"2015-03-06T19:16:24","guid":{"rendered":"http:\/\/aaltokoivula.fi\/wordpress\/?page_id=79"},"modified":"2020-01-20T15:34:13","modified_gmt":"2020-01-20T15:34:13","slug":"hyodyllisia-linkkeja","status":"publish","type":"page","link":"https:\/\/aaltokoivula.fi\/wordpress\/aloitus\/hyodyllisia-linkkeja\/","title":{"rendered":"Hy\u00f6dyllisi\u00e4 linkkej\u00e4"},"content":{"rendered":"<p><a href=\"http:\/\/kko.fi\" target=\"_blank\" rel=\"noopener noreferrer\">Korkein oikeus<\/a><\/p>\n<p><a href=\"http:\/\/kho.fi\" target=\"_blank\" rel=\"noopener noreferrer\">Korkein hallinto-oikeus<\/a><\/p>\n<p><a href=\"http:\/\/vero.fi\" target=\"_blank\" rel=\"noopener noreferrer\">Verohallinto<\/a><\/p>\n<p><a href=\"http:\/\/oikeus.fi\" target=\"_blank\" rel=\"noopener noreferrer\">Oikeushallinto<\/a><\/p>\n<p><a href=\"http:\/\/finlex.fi\" target=\"_blank\" rel=\"noopener noreferrer\">Finlex<\/a><\/p>\n<p><a href=\"https:\/\/dvv.fi\/\" target=\"_blank\" rel=\"noopener noreferrer\">Digi- ja v\u00e4est\u00f6tietovirasto <\/a><\/p>\n<p><a href=\"https:\/\/www.eduskunta.fi\/FI\/Sivut\/default.aspx\" target=\"_blank\" rel=\"noopener noreferrer\">Eduskunta<\/a><\/p>\n<p><a href=\"https:\/\/www.eduskunta.fi\/FI\/search\/Sivut\/vaskiresults.aspx?k=eduskuntatunnus%3AHE#Default=%7B%22k%22%3A%22eduskuntatunnus%3AHE%22%2C%22o%22%3A%5B%7B%22d%22%3A1%2C%22p%22%3A%22AsiakirjatyyppiKoodi%22%7D%2C%7B%22d%22%3A1%2C%22p%22%3A%22ValtiopaivavuosiTeksti%22%7D%2C%7B%22d%22%3A1%2C%22p%22%3A%22AsiakirjaNroTeksti%22%7D%5D%7D\" target=\"_blank\" rel=\"noopener noreferrer\">Hallituksen esitykset<\/a><\/p>\n<p><a href=\"https:\/\/aaltokoivula.fi\/wordpress\/wp-content\/uploads\/2015\/03\/Alkukes\u00e4-2012-032.jpg\"><img loading=\"lazy\" decoding=\"async\" class=\"alignnone size-medium wp-image-134\" src=\"https:\/\/aaltokoivula.fi\/wordpress\/wp-content\/uploads\/2015\/03\/Alkukes\u00e4-2012-032-300x225.jpg\" alt=\"Alkukes\u00e4 2012 032\" width=\"300\" height=\"225\" srcset=\"https:\/\/aaltokoivula.fi\/wordpress\/wp-content\/uploads\/2015\/03\/Alkukes\u00e4-2012-032-300x225.jpg 300w, https:\/\/aaltokoivula.fi\/wordpress\/wp-content\/uploads\/2015\/03\/Alkukes\u00e4-2012-032-1024x768.jpg 1024w, https:\/\/aaltokoivula.fi\/wordpress\/wp-content\/uploads\/2015\/03\/Alkukes\u00e4-2012-032-258x194.jpg 258w, https:\/\/aaltokoivula.fi\/wordpress\/wp-content\/uploads\/2015\/03\/Alkukes\u00e4-2012-032-70x53.jpg 70w\" sizes=\"auto, (max-width: 300px) 100vw, 300px\" \/><\/a><\/p>\n","protected":false},"excerpt":{"rendered":"<p>Korkein oikeus Korkein hallinto-oikeus Verohallinto Oikeushallinto Finlex Digi- ja v\u00e4est\u00f6tietovirasto Eduskunta Hallituksen esitykset<\/p>\n","protected":false},"author":1,"featured_media":0,"parent":73,"menu_order":14,"comment_status":"closed","ping_status":"closed","template":"","meta":{"_exactmetrics_skip_tracking":false,"_exactmetrics_sitenote_active":false,"_exactmetrics_sitenote_note":"","_exactmetrics_sitenote_category":0,"footnotes":""},"class_list":["post-79","page","type-page","status-publish","hentry"],"aioseo_notices":[],"_links":{"self":[{"href":"https:\/\/aaltokoivula.fi\/wordpress\/wp-json\/wp\/v2\/pages\/79","targetHints":{"allow":["GET"]}}],"collection":[{"href":"https:\/\/aaltokoivula.fi\/wordpress\/wp-json\/wp\/v2\/pages"}],"about":[{"href":"https:\/\/aaltokoivula.fi\/wordpress\/wp-json\/wp\/v2\/types\/page"}],"author":[{"embeddable":true,"href":"https:\/\/aaltokoivula.fi\/wordpress\/wp-json\/wp\/v2\/users\/1"}],"replies":[{"embeddable":true,"href":"https:\/\/aaltokoivula.fi\/wordpress\/wp-json\/wp\/v2\/comments?post=79"}],"version-history":[{"count":14,"href":"https:\/\/aaltokoivula.fi\/wordpress\/wp-json\/wp\/v2\/pages\/79\/revisions"}],"predecessor-version":[{"id":275,"href":"https:\/\/aaltokoivula.fi\/wordpress\/wp-json\/wp\/v2\/pages\/79\/revisions\/275"}],"up":[{"embeddable":true,"href":"https:\/\/aaltokoivula.fi\/wordpress\/wp-json\/wp\/v2\/pages\/73"}],"wp:attachment":[{"href":"https:\/\/aaltokoivula.fi\/wordpress\/wp-json\/wp\/v2\/media?parent=79"}],"curies":[{"name":"wp","href":"https:\/\/api.w.org\/{rel}","templated":true}]}}