{"id":89,"date":"2015-03-06T17:52:43","date_gmt":"2015-03-06T17:52:43","guid":{"rendered":"http:\/\/aaltokoivula.fi\/wordpress\/?page_id=89"},"modified":"2020-01-20T15:38:54","modified_gmt":"2020-01-20T15:38:54","slug":"riita-asiat","status":"publish","type":"page","link":"https:\/\/aaltokoivula.fi\/wordpress\/muut-lakiasiat\/riita-asiat\/","title":{"rendered":"Riita-asiat"},"content":{"rendered":"<p style=\"text-align: justify;\">Riita-asioissa pyrimme l\u00e4ht\u00f6kohtaisesti l\u00f6yt\u00e4m\u00e4\u00e4n neuvotteluratkaisun, koska se on molemmille osapuolille nopein ja edullisin tapa saada ratkaisu erimielisyyksille. Olemme hoitaneet muun muassa sopimusrikkomuksiin ja kosteusvahinkoihin liittyvi\u00e4 riitoja sek\u00e4 perint\u00f6riitoja.<\/p>\n<p style=\"text-align: justify;\">Mik\u00e4li neuvottelut eiv\u00e4t johda toivottuun lopputulokseen, on mahdollista saattaa erimielisyys tuomioistuimen ratkaistavaksi. T\u00e4ll\u00f6in apunanne oikeudenk\u00e4ynneiss\u00e4 ovat toimistomme luvan saaneet oikeudenk\u00e4yntiavustajat, jotka on merkitty oikeudenk\u00e4yntiavustajalautakunnan yll\u00e4pit\u00e4m\u00e4\u00e4n luetteloon.<\/p>\n<p style=\"text-align: center;\"><a href=\"https:\/\/aaltokoivula.fi\/wordpress\/wp-content\/uploads\/2015\/03\/Syksy-2014-talvi-2015-118.jpg\"><img loading=\"lazy\" decoding=\"async\" class=\"alignnone size-medium wp-image-132\" src=\"https:\/\/aaltokoivula.fi\/wordpress\/wp-content\/uploads\/2015\/03\/Syksy-2014-talvi-2015-118-300x225.jpg\" alt=\"Syksy 2014 - talvi 2015 118\" width=\"300\" height=\"225\" srcset=\"https:\/\/aaltokoivula.fi\/wordpress\/wp-content\/uploads\/2015\/03\/Syksy-2014-talvi-2015-118-300x225.jpg 300w, https:\/\/aaltokoivula.fi\/wordpress\/wp-content\/uploads\/2015\/03\/Syksy-2014-talvi-2015-118-1024x768.jpg 1024w, https:\/\/aaltokoivula.fi\/wordpress\/wp-content\/uploads\/2015\/03\/Syksy-2014-talvi-2015-118-258x194.jpg 258w, https:\/\/aaltokoivula.fi\/wordpress\/wp-content\/uploads\/2015\/03\/Syksy-2014-talvi-2015-118-70x53.jpg 70w\" sizes=\"auto, (max-width: 300px) 100vw, 300px\" \/><\/a><\/p>\n","protected":false},"excerpt":{"rendered":"<p>Riita-asioissa pyrimme l\u00e4ht\u00f6kohtaisesti l\u00f6yt\u00e4m\u00e4\u00e4n neuvotteluratkaisun, koska se on molemmille osapuolille nopein ja edullisin tapa saada ratkaisu erimielisyyksille. Olemme hoitaneet muun muassa sopimusrikkomuksiin ja kosteusvahinkoihin liittyvi\u00e4 riitoja sek\u00e4 perint\u00f6riitoja. Mik\u00e4li neuvottelut eiv\u00e4t johda toivottuun lopputulokseen, on mahdollista saattaa erimielisyys tuomioistuimen ratkaistavaksi. T\u00e4ll\u00f6in apunanne oikeudenk\u00e4ynneiss\u00e4 ovat toimistomme luvan saaneet oikeudenk\u00e4yntiavustajat, jotka on merkitty oikeudenk\u00e4yntiavustajalautakunnan yll\u00e4pit\u00e4m\u00e4\u00e4n luetteloon.<\/p>\n","protected":false},"author":1,"featured_media":0,"parent":227,"menu_order":18,"comment_status":"closed","ping_status":"closed","template":"","meta":{"_exactmetrics_skip_tracking":false,"_exactmetrics_sitenote_active":false,"_exactmetrics_sitenote_note":"","_exactmetrics_sitenote_category":0,"footnotes":""},"class_list":["post-89","page","type-page","status-publish","hentry"],"aioseo_notices":[],"_links":{"self":[{"href":"https:\/\/aaltokoivula.fi\/wordpress\/wp-json\/wp\/v2\/pages\/89","targetHints":{"allow":["GET"]}}],"collection":[{"href":"https:\/\/aaltokoivula.fi\/wordpress\/wp-json\/wp\/v2\/pages"}],"about":[{"href":"https:\/\/aaltokoivula.fi\/wordpress\/wp-json\/wp\/v2\/types\/page"}],"author":[{"embeddable":true,"href":"https:\/\/aaltokoivula.fi\/wordpress\/wp-json\/wp\/v2\/users\/1"}],"replies":[{"embeddable":true,"href":"https:\/\/aaltokoivula.fi\/wordpress\/wp-json\/wp\/v2\/comments?post=89"}],"version-history":[{"count":3,"href":"https:\/\/aaltokoivula.fi\/wordpress\/wp-json\/wp\/v2\/pages\/89\/revisions"}],"predecessor-version":[{"id":276,"href":"https:\/\/aaltokoivula.fi\/wordpress\/wp-json\/wp\/v2\/pages\/89\/revisions\/276"}],"up":[{"embeddable":true,"href":"https:\/\/aaltokoivula.fi\/wordpress\/wp-json\/wp\/v2\/pages\/227"}],"wp:attachment":[{"href":"https:\/\/aaltokoivula.fi\/wordpress\/wp-json\/wp\/v2\/media?parent=89"}],"curies":[{"name":"wp","href":"https:\/\/api.w.org\/{rel}","templated":true}]}}